{"id":3301,"date":"2022-09-24T18:12:33","date_gmt":"2022-09-24T18:12:33","guid":{"rendered":"https:\/\/laprovision.cl\/repuestos\/?page_id=3301"},"modified":"2022-09-24T19:50:48","modified_gmt":"2022-09-24T19:50:48","slug":"empresa","status":"publish","type":"page","link":"https:\/\/laprovision.cl\/repuestos\/?page_id=3301","title":{"rendered":"Empresa"},"content":{"rendered":"<section  class='av_textblock_section av-l8g8b2yg-3c4a1185e0d13c6577927e0ce463d25d'  itemscope=\"itemscope\" itemtype=\"https:\/\/schema.org\/CreativeWork\" ><div class='avia_textblock'  itemprop=\"text\" ><p>Somos una empresa con m\u00e1s de 20 a\u00f1os de experiencia en el rubro de la mantenci\u00f3n\u00a0 y reparaci\u00f3n de maquinarias industrial, gr\u00faas horquillas, apiladores, transpaletas como tambi\u00e9n maquinaria agr\u00edcola.<\/p>\n<p>Ponemos a su disposici\u00f3n\u00a0 una gran variedad de repuestos originales y alternativos para su maquinaria.<\/p>\n<p>Contamos con personal con amplia experiencia que podr\u00e1 orientarlo en todas sus consultas.<\/p>\n<\/div><\/section>\n\n<style type=\"text\/css\" data-created_by=\"avia_inline_auto\" id=\"style-css-av-l8ga64y6-4599966acb30734e369cb80b87425e3b\">\n.avia-image-container.av-l8ga64y6-4599966acb30734e369cb80b87425e3b .av-image-caption-overlay-center{\ncolor:#ffffff;\n}\n<\/style>\n<div  class='avia-image-container av-l8ga64y6-4599966acb30734e369cb80b87425e3b av-styling- avia-align-center  avia-builder-el-1  el_after_av_textblock  el_before_av_hr '  itemprop=\"image\" itemscope=\"itemscope\" itemtype=\"https:\/\/schema.org\/ImageObject\" ><div class=\"avia-image-container-inner\"><div class=\"avia-image-overlay-wrap\"><img decoding=\"async\" class='wp-image-3316 avia-img-lazy-loading-not-3316 avia_image' src=\"https:\/\/laprovision.cl\/repuestos\/wp-content\/uploads\/2022\/09\/laprovision_empresa.jpg\" alt='' title='laprovision_empresa'  height=\"500\" width=\"1000\"  itemprop=\"thumbnailUrl\" srcset=\"https:\/\/laprovision.cl\/repuestos\/wp-content\/uploads\/2022\/09\/laprovision_empresa.jpg 1000w, https:\/\/laprovision.cl\/repuestos\/wp-content\/uploads\/2022\/09\/laprovision_empresa-300x150.jpg 300w, https:\/\/laprovision.cl\/repuestos\/wp-content\/uploads\/2022\/09\/laprovision_empresa-768x384.jpg 768w, https:\/\/laprovision.cl\/repuestos\/wp-content\/uploads\/2022\/09\/laprovision_empresa-705x353.jpg 705w\" sizes=\"(max-width: 1000px) 100vw, 1000px\" \/><\/div><\/div><\/div>\n<div  class='hr av-1xr02d-46689f132a2661aa0dfa87f6cc329a41 hr-full  avia-builder-el-2  el_after_av_image  avia-builder-el-last  hr-shadow'><span class='hr-inner '><span class=\"hr-inner-style\"><\/span><\/span><\/div>\n","protected":false},"excerpt":{"rendered":"","protected":false},"author":1,"featured_media":0,"parent":0,"menu_order":0,"comment_status":"closed","ping_status":"closed","template":"","meta":{"footnotes":""},"class_list":["post-3301","page","type-page","status-publish","hentry"],"_links":{"self":[{"href":"https:\/\/laprovision.cl\/repuestos\/index.php?rest_route=\/wp\/v2\/pages\/3301","targetHints":{"allow":["GET"]}}],"collection":[{"href":"https:\/\/laprovision.cl\/repuestos\/index.php?rest_route=\/wp\/v2\/pages"}],"about":[{"href":"https:\/\/laprovision.cl\/repuestos\/index.php?rest_route=\/wp\/v2\/types\/page"}],"author":[{"embeddable":true,"href":"https:\/\/laprovision.cl\/repuestos\/index.php?rest_route=\/wp\/v2\/users\/1"}],"replies":[{"embeddable":true,"href":"https:\/\/laprovision.cl\/repuestos\/index.php?rest_route=%2Fwp%2Fv2%2Fcomments&post=3301"}],"version-history":[{"count":9,"href":"https:\/\/laprovision.cl\/repuestos\/index.php?rest_route=\/wp\/v2\/pages\/3301\/revisions"}],"predecessor-version":[{"id":3317,"href":"https:\/\/laprovision.cl\/repuestos\/index.php?rest_route=\/wp\/v2\/pages\/3301\/revisions\/3317"}],"wp:attachment":[{"href":"https:\/\/laprovision.cl\/repuestos\/index.php?rest_route=%2Fwp%2Fv2%2Fmedia&parent=3301"}],"curies":[{"name":"wp","href":"https:\/\/api.w.org\/{rel}","templated":true}]}}